{"id":2701,"date":"2024-01-11T07:54:26","date_gmt":"2024-01-11T07:54:26","guid":{"rendered":"https:\/\/seghier.com\/?page_id=2701"},"modified":"2024-02-14T10:27:39","modified_gmt":"2024-02-14T10:27:39","slug":"about-us","status":"publish","type":"page","link":"https:\/\/seghier.com\/fr\/about-us\/","title":{"rendered":"\u00c0 propos"},"content":{"rendered":"<div data-elementor-type=\"wp-post\" data-elementor-id=\"2701\" class=\"elementor elementor-2701\">\n\t\t\t\t\t\t<section class=\"elementor-section elementor-top-section elementor-element elementor-element-90f16e9 elementor-section-full_width elementor-section-height-default elementor-section-height-default\" data-id=\"90f16e9\" data-element_type=\"section\" data-e-type=\"section\">\n\t\t\t\t\t\t<div class=\"elementor-container elementor-column-gap-default\">\n\t\t\t\t\t<div class=\"elementor-column elementor-col-100 elementor-top-column elementor-element elementor-element-e27f29c\" data-id=\"e27f29c\" data-element_type=\"column\" data-e-type=\"column\">\n\t\t\t<div class=\"elementor-widget-wrap elementor-element-populated\">\n\t\t\t\t\t\t<div class=\"elementor-element elementor-element-dbf03d5 elementor-widget elementor-widget-spacer\" data-id=\"dbf03d5\" data-element_type=\"widget\" data-e-type=\"widget\" data-widget_type=\"spacer.default\">\n\t\t\t\t<div class=\"elementor-widget-container\">\n\t\t\t\t\t\t\t<div class=\"elementor-spacer\">\n\t\t\t<div class=\"elementor-spacer-inner\"><\/div>\n\t\t<\/div>\n\t\t\t\t\t\t<\/div>\n\t\t\t\t<\/div>\n\t\t\t\t\t<\/div>\n\t\t<\/div>\n\t\t\t\t\t<\/div>\n\t\t<\/section>\n\t\t\t\t<section class=\"elementor-section elementor-top-section elementor-element elementor-element-7a479a5 elementor-section-full_width elementor-section-height-default elementor-section-height-default\" data-id=\"7a479a5\" data-element_type=\"section\" data-e-type=\"section\">\n\t\t\t\t\t\t<div class=\"elementor-container elementor-column-gap-default\">\n\t\t\t\t\t<div class=\"elementor-column elementor-col-100 elementor-top-column elementor-element elementor-element-a0d45a5\" data-id=\"a0d45a5\" data-element_type=\"column\" data-e-type=\"column\">\n\t\t\t<div class=\"elementor-widget-wrap elementor-element-populated\">\n\t\t\t\t\t\t<div class=\"elementor-element elementor-element-a747324 elementor-widget elementor-widget-heading\" data-id=\"a747324\" data-element_type=\"widget\" data-e-type=\"widget\" data-widget_type=\"heading.default\">\n\t\t\t\t<div class=\"elementor-widget-container\">\n\t\t\t\t\t<h2 class=\"elementor-heading-title elementor-size-default\">Bienvenue dans le monde de l'\u00e9l\u00e9gance absolue !<\/h2>\t\t\t\t<\/div>\n\t\t\t\t<\/div>\n\t\t\t\t<div class=\"elementor-element elementor-element-9962bd7 elementor-widget elementor-widget-text-editor\" data-id=\"9962bd7\" data-element_type=\"widget\" data-e-type=\"widget\" data-widget_type=\"text-editor.default\">\n\t\t\t\t<div class=\"elementor-widget-container\">\n\t\t\t\t\t\t\t\t\t<p>D\u00e9couvrez notre somptueuse collection de robes de luxe, con\u00e7ues pour mettre en valeur votre beaut\u00e9 et \u00e9blouir le regard. Chaque pi\u00e8ce est une \u0153uvre d'art, combinant une confection raffin\u00e9e, des tissus somptueux et un design exceptionnel pour vous offrir une exp\u00e9rience de style in\u00e9gal\u00e9e. Que vous soyez \u00e0 la recherche d'une robe de soir\u00e9e sensationnelle, d'une tenue de mariage \u00e9poustouflante ou d'une cr\u00e9ation unique pour une occasion sp\u00e9ciale, notre site est votre destination ultime pour la haute couture. Plongez dans l'univers du luxe et de la sophistication, o\u00f9 chaque d\u00e9tail est soigneusement pens\u00e9 pour vous faire briller. Trouvez la robe de vos r\u00eaves et laissez-vous s\u00e9duire par la magie de la mode de luxe. Bienvenue dans votre nouvelle destination mode, bienvenue chez SEGHIER.<\/p>\t\t\t\t\t\t\t\t<\/div>\n\t\t\t\t<\/div>\n\t\t\t\t<div class=\"elementor-element elementor-element-ee15431 elementor-widget elementor-widget-spacer\" data-id=\"ee15431\" data-element_type=\"widget\" data-e-type=\"widget\" data-widget_type=\"spacer.default\">\n\t\t\t\t<div class=\"elementor-widget-container\">\n\t\t\t\t\t\t\t<div class=\"elementor-spacer\">\n\t\t\t<div class=\"elementor-spacer-inner\"><\/div>\n\t\t<\/div>\n\t\t\t\t\t\t<\/div>\n\t\t\t\t<\/div>\n\t\t\t\t\t<\/div>\n\t\t<\/div>\n\t\t\t\t\t<\/div>\n\t\t<\/section>\n\t\t\t\t<section class=\"elementor-section elementor-top-section elementor-element elementor-element-367fb2c elementor-section-full_width elementor-section-height-default elementor-section-height-default\" data-id=\"367fb2c\" data-element_type=\"section\" data-e-type=\"section\">\n\t\t\t\t\t\t<div class=\"elementor-container elementor-column-gap-no\">\n\t\t\t\t\t<div class=\"elementor-column elementor-col-100 elementor-top-column elementor-element elementor-element-812be13\" data-id=\"812be13\" data-element_type=\"column\" data-e-type=\"column\">\n\t\t\t<div class=\"elementor-widget-wrap elementor-element-populated\">\n\t\t\t\t\t\t<div class=\"elementor-element elementor-element-c4ea3ae elementor-widget-divider--view-line elementor-widget elementor-widget-divider\" data-id=\"c4ea3ae\" data-element_type=\"widget\" data-e-type=\"widget\" data-widget_type=\"divider.default\">\n\t\t\t\t<div class=\"elementor-widget-container\">\n\t\t\t\t\t\t\t<div class=\"elementor-divider\">\n\t\t\t<span class=\"elementor-divider-separator\">\n\t\t\t\t\t\t<\/span>\n\t\t<\/div>\n\t\t\t\t\t\t<\/div>\n\t\t\t\t<\/div>\n\t\t\t\t<div class=\"elementor-element elementor-element-6f0df45 elementor-widget elementor-widget-heading\" data-id=\"6f0df45\" data-element_type=\"widget\" data-e-type=\"widget\" data-widget_type=\"heading.default\">\n\t\t\t\t<div class=\"elementor-widget-container\">\n\t\t\t\t\t<h2 class=\"elementor-heading-title elementor-size-default\">SEGHIER INSTAGRAM<\/h2>\t\t\t\t<\/div>\n\t\t\t\t<\/div>\n\t\t\t\t<div class=\"elementor-element elementor-element-fa6acca elementor-widget elementor-widget-text-editor\" data-id=\"fa6acca\" data-element_type=\"widget\" data-e-type=\"widget\" data-widget_type=\"text-editor.default\">\n\t\t\t\t<div class=\"elementor-widget-container\">\n\t\t\t\t\t\t\t\t\t<p>Envoyez votre look pr\u00e9f\u00e9r\u00e9 sur Instagram avec #SEGHIER !<\/p>\t\t\t\t\t\t\t\t<\/div>\n\t\t\t\t<\/div>\n\t\t\t\t<div class=\"elementor-element elementor-element-45696fa elementor-hidden-phone elementor-widget elementor-widget-spacer\" data-id=\"45696fa\" data-element_type=\"widget\" data-e-type=\"widget\" data-widget_type=\"spacer.default\">\n\t\t\t\t<div class=\"elementor-widget-container\">\n\t\t\t\t\t\t\t<div class=\"elementor-spacer\">\n\t\t\t<div class=\"elementor-spacer-inner\"><\/div>\n\t\t<\/div>\n\t\t\t\t\t\t<\/div>\n\t\t\t\t<\/div>\n\t\t\t\t<div class=\"elementor-element elementor-element-69a53fa elementor-widget elementor-widget-shortcode\" data-id=\"69a53fa\" data-element_type=\"widget\" data-e-type=\"widget\" data-widget_type=\"shortcode.default\">\n\t\t\t\t<div class=\"elementor-widget-container\">\n\t\t\t\t\t\t\t<div class=\"elementor-shortcode\">\n<div id=\"sb_instagram\"  class=\"sbi sbi_mob_col_1 sbi_tab_col_2 sbi_col_4 sbi_width_resp\" style=\"padding-bottom: 10px;\"\t data-feedid=\"*1\"  data-res=\"auto\" data-cols=\"4\" data-colsmobile=\"1\" data-colstablet=\"2\" data-num=\"20\" data-nummobile=\"20\" data-item-padding=\"5\"\t data-shortcode-atts=\"{&quot;showheader&quot;:&quot;false&quot;,&quot;showbutton&quot;:&quot;false&quot;,&quot;showfollow&quot;:&quot;false&quot;,&quot;num&quot;:&quot;4&quot;,&quot;cols&quot;:&quot;4&quot;,&quot;imagepadding&quot;:&quot;10&quot;}\"  data-postid=\"2701\" data-locatornonce=\"78c73efd2a\" data-imageaspectratio=\"1:1\" data-sbi-flags=\"favorLocal,gdpr\">\n\t<div class=\"sb_instagram_header\"   >\n\t<a class=\"sbi_header_link\" target=\"_blank\"\n\t   rel=\"nofollow noopener\" href=\"https:\/\/www.instagram.com\/seghierdress\/\" title=\"@seghierdress\">\n\t\t<div class=\"sbi_header_text sbi_no_bio\">\n\t\t\t<div class=\"sbi_header_img\">\n\t\t\t\t\t\t\t\t\t<div class=\"sbi_header_img_hover\"  ><svg class=\"sbi_new_logo fa-instagram fa-w-14\" aria-hidden=\"true\" data-fa-processed=\"\" aria-label=\"Instagram\" data-prefix=\"fab\" data-icon=\"instagram\" role=\"img\" viewbox=\"0 0 448 512\">\n                    <path fill=\"currentColor\" d=\"M224.1 141c-63.6 0-114.9 51.3-114.9 114.9s51.3 114.9 114.9 114.9S339 319.5 339 255.9 287.7 141 224.1 141zm0 189.6c-41.1 0-74.7-33.5-74.7-74.7s33.5-74.7 74.7-74.7 74.7 33.5 74.7 74.7-33.6 74.7-74.7 74.7zm146.4-194.3c0 14.9-12 26.8-26.8 26.8-14.9 0-26.8-12-26.8-26.8s12-26.8 26.8-26.8 26.8 12 26.8 26.8zm76.1 27.2c-1.7-35.9-9.9-67.7-36.2-93.9-26.2-26.2-58-34.4-93.9-36.2-37-2.1-147.9-2.1-184.9 0-35.8 1.7-67.6 9.9-93.9 36.1s-34.4 58-36.2 93.9c-2.1 37-2.1 147.9 0 184.9 1.7 35.9 9.9 67.7 36.2 93.9s58 34.4 93.9 36.2c37 2.1 147.9 2.1 184.9 0 35.9-1.7 67.7-9.9 93.9-36.2 26.2-26.2 34.4-58 36.2-93.9 2.1-37 2.1-147.8 0-184.8zM398.8 388c-7.8 19.6-22.9 34.7-42.6 42.6-29.5 11.7-99.5 9-132.1 9s-102.7 2.6-132.1-9c-19.6-7.8-34.7-22.9-42.6-42.6-11.7-29.5-9-99.5-9-132.1s-2.6-102.7 9-132.1c7.8-19.6 22.9-34.7 42.6-42.6 29.5-11.7 99.5-9 132.1-9s102.7-2.6 132.1 9c19.6 7.8 34.7 22.9 42.6 42.6 11.7 29.5 9 99.5 9 132.1s2.7 102.7-9 132.1z\"><\/path>\n                <\/svg><\/div>\n\t\t\t\t\t<img decoding=\"async\"  src=\"http:\/\/seghier.com\/wp-content\/uploads\/2024\/01\/cropped-Seghier-Logo.webp\" alt=\"\" width=\"50\" height=\"50\">\n\t\t\t\t\n\t\t\t\t\t\t\t<\/div>\n\n\t\t\t<div class=\"sbi_feedtheme_header_text\">\n\t\t\t\t<h3>seghierdress<\/h3>\n\t\t\t\t\t\t\t<\/div>\n\t\t<\/div>\n\t<\/a>\n<\/div>\n\n\t<div id=\"sbi_images\"  style=\"gap: 10px;\">\n\t\t<div class=\"sbi_item sbi_type_image sbi_new sbi_transition\"\n\tid=\"sbi_17903601545635674\" data-date=\"1672275191\">\n\t<div class=\"sbi_photo_wrap\">\n\t\t<a class=\"sbi_photo\" href=\"https:\/\/www.instagram.com\/p\/Cmu4CbIKnHB\/\" target=\"_blank\" rel=\"noopener nofollow\"\n\t\t\tdata-full-res=\"https:\/\/scontent-dus1-1.cdninstagram.com\/v\/t51.29350-15\/322231523_448046264049946_8081553614112021833_n.jpg?_nc_cat=101&#038;ccb=1-7&#038;_nc_sid=18de74&#038;_nc_ohc=0Mb_18rmkKUQ7kNvgHZsvSe&#038;_nc_zt=23&#038;_nc_ht=scontent-dus1-1.cdninstagram.com&#038;edm=ANo9K5cEAAAA&#038;_nc_gid=Ay-9jt0mWsJPK2hxUEIJvfI&#038;oh=00_AYAA0-tVI7h18L7pUCBUBZ2hbSxTYBxjD4_83SyLKaTSsw&#038;oe=6756AEA3\"\n\t\t\tdata-img-src-set=\"{&quot;d&quot;:&quot;https:\\\/\\\/scontent-dus1-1.cdninstagram.com\\\/v\\\/t51.29350-15\\\/322231523_448046264049946_8081553614112021833_n.jpg?_nc_cat=101&amp;ccb=1-7&amp;_nc_sid=18de74&amp;_nc_ohc=0Mb_18rmkKUQ7kNvgHZsvSe&amp;_nc_zt=23&amp;_nc_ht=scontent-dus1-1.cdninstagram.com&amp;edm=ANo9K5cEAAAA&amp;_nc_gid=Ay-9jt0mWsJPK2hxUEIJvfI&amp;oh=00_AYAA0-tVI7h18L7pUCBUBZ2hbSxTYBxjD4_83SyLKaTSsw&amp;oe=6756AEA3&quot;,&quot;150&quot;:&quot;https:\\\/\\\/scontent-dus1-1.cdninstagram.com\\\/v\\\/t51.29350-15\\\/322231523_448046264049946_8081553614112021833_n.jpg?_nc_cat=101&amp;ccb=1-7&amp;_nc_sid=18de74&amp;_nc_ohc=0Mb_18rmkKUQ7kNvgHZsvSe&amp;_nc_zt=23&amp;_nc_ht=scontent-dus1-1.cdninstagram.com&amp;edm=ANo9K5cEAAAA&amp;_nc_gid=Ay-9jt0mWsJPK2hxUEIJvfI&amp;oh=00_AYAA0-tVI7h18L7pUCBUBZ2hbSxTYBxjD4_83SyLKaTSsw&amp;oe=6756AEA3&quot;,&quot;320&quot;:&quot;https:\\\/\\\/scontent-dus1-1.cdninstagram.com\\\/v\\\/t51.29350-15\\\/322231523_448046264049946_8081553614112021833_n.jpg?_nc_cat=101&amp;ccb=1-7&amp;_nc_sid=18de74&amp;_nc_ohc=0Mb_18rmkKUQ7kNvgHZsvSe&amp;_nc_zt=23&amp;_nc_ht=scontent-dus1-1.cdninstagram.com&amp;edm=ANo9K5cEAAAA&amp;_nc_gid=Ay-9jt0mWsJPK2hxUEIJvfI&amp;oh=00_AYAA0-tVI7h18L7pUCBUBZ2hbSxTYBxjD4_83SyLKaTSsw&amp;oe=6756AEA3&quot;,&quot;640&quot;:&quot;https:\\\/\\\/scontent-dus1-1.cdninstagram.com\\\/v\\\/t51.29350-15\\\/322231523_448046264049946_8081553614112021833_n.jpg?_nc_cat=101&amp;ccb=1-7&amp;_nc_sid=18de74&amp;_nc_ohc=0Mb_18rmkKUQ7kNvgHZsvSe&amp;_nc_zt=23&amp;_nc_ht=scontent-dus1-1.cdninstagram.com&amp;edm=ANo9K5cEAAAA&amp;_nc_gid=Ay-9jt0mWsJPK2hxUEIJvfI&amp;oh=00_AYAA0-tVI7h18L7pUCBUBZ2hbSxTYBxjD4_83SyLKaTSsw&amp;oe=6756AEA3&quot;}\">\n\t\t\t<span class=\"sbi-screenreader\">Soon \u2728<\/span>\n\t\t\t\t\t\t\t\t\t<img decoding=\"async\" src=\"https:\/\/seghier.com\/wp-content\/plugins\/instagram-feed\/img\/placeholder.png\" alt=\"Soon \u2728\" aria-hidden=\"true\">\n\t\t<\/a>\n\t<\/div>\n<\/div>\t<\/div>\n\n\t<div id=\"sbi_load\" >\n\n\t\n\t\t\t<span class=\"sbi_follow_btn sbi_custom\" >\n\t\t\t<a target=\"_blank\"\n\t\t\t\trel=\"nofollow noopener\"  href=\"https:\/\/www.instagram.com\/seghierdress\/\" style=\"background: rgb(64,139,209);\">\n\t\t\t\t<svg class=\"svg-inline--fa fa-instagram fa-w-14\" aria-hidden=\"true\" data-fa-processed=\"\" aria-label=\"Instagram\" data-prefix=\"fab\" data-icon=\"instagram\" role=\"img\" viewbox=\"0 0 448 512\">\n                    <path fill=\"currentColor\" d=\"M224.1 141c-63.6 0-114.9 51.3-114.9 114.9s51.3 114.9 114.9 114.9S339 319.5 339 255.9 287.7 141 224.1 141zm0 189.6c-41.1 0-74.7-33.5-74.7-74.7s33.5-74.7 74.7-74.7 74.7 33.5 74.7 74.7-33.6 74.7-74.7 74.7zm146.4-194.3c0 14.9-12 26.8-26.8 26.8-14.9 0-26.8-12-26.8-26.8s12-26.8 26.8-26.8 26.8 12 26.8 26.8zm76.1 27.2c-1.7-35.9-9.9-67.7-36.2-93.9-26.2-26.2-58-34.4-93.9-36.2-37-2.1-147.9-2.1-184.9 0-35.8 1.7-67.6 9.9-93.9 36.1s-34.4 58-36.2 93.9c-2.1 37-2.1 147.9 0 184.9 1.7 35.9 9.9 67.7 36.2 93.9s58 34.4 93.9 36.2c37 2.1 147.9 2.1 184.9 0 35.9-1.7 67.7-9.9 93.9-36.2 26.2-26.2 34.4-58 36.2-93.9 2.1-37 2.1-147.8 0-184.8zM398.8 388c-7.8 19.6-22.9 34.7-42.6 42.6-29.5 11.7-99.5 9-132.1 9s-102.7 2.6-132.1-9c-19.6-7.8-34.7-22.9-42.6-42.6-11.7-29.5-9-99.5-9-132.1s-2.6-102.7 9-132.1c7.8-19.6 22.9-34.7 42.6-42.6 29.5-11.7 99.5-9 132.1-9s102.7-2.6 132.1 9c19.6 7.8 34.7 22.9 42.6 42.6 11.7 29.5 9 99.5 9 132.1s2.7 102.7-9 132.1z\"><\/path>\n                <\/svg>\t\t\t\t<span>Suivre sur Instagram<\/span>\n\t\t\t<\/a>\n\t\t<\/span>\n\t\n<\/div>\n\t\t<span class=\"sbi_resized_image_data\" data-feed-id=\"*1\"\n\t\t  data-resized=\"{&quot;17903601545635674&quot;:{&quot;id&quot;:&quot;322231523_448046264049946_8081553614112021833_n&quot;,&quot;ratio&quot;:&quot;1.50&quot;,&quot;sizes&quot;:{&quot;full&quot;:640,&quot;low&quot;:320,&quot;thumb&quot;:150},&quot;extension&quot;:&quot;.jpg&quot;}}\">\n\t<\/span>\n\t<\/div>\n\n<\/div>\n\t\t\t\t\t\t<\/div>\n\t\t\t\t<\/div>\n\t\t\t\t\t<\/div>\n\t\t<\/div>\n\t\t\t\t\t<\/div>\n\t\t<\/section>\n\t\t\t\t<\/div>","protected":false},"excerpt":{"rendered":"<p>Welcome to the world of absolute elegance ! Discover our sumptuous collection of luxury&#8230;<\/p>","protected":false},"author":1,"featured_media":0,"parent":0,"menu_order":0,"comment_status":"closed","ping_status":"closed","template":"","meta":{"footnotes":""},"class_list":["post-2701","page","type-page","status-publish","hentry"],"yoast_head":"<!-- This site is optimized with the Yoast SEO plugin v27.3 - https:\/\/yoast.com\/product\/yoast-seo-wordpress\/ -->\n<title>About Us - Seghier<\/title>\n<meta name=\"robots\" content=\"index, follow, max-snippet:-1, max-image-preview:large, max-video-preview:-1\" \/>\n<link rel=\"canonical\" href=\"http:\/\/seghier.com\/fr\/about-us\/\" \/>\n<meta property=\"og:locale\" content=\"fr_FR\" \/>\n<meta property=\"og:type\" content=\"article\" \/>\n<meta property=\"og:title\" content=\"About Us - Seghier\" \/>\n<meta property=\"og:description\" content=\"Welcome to the world of absolute elegance ! Discover our sumptuous collection of luxury...\" \/>\n<meta property=\"og:url\" content=\"http:\/\/seghier.com\/fr\/about-us\/\" \/>\n<meta property=\"og:site_name\" content=\"Seghier\" \/>\n<meta property=\"article:modified_time\" content=\"2024-02-14T10:27:39+00:00\" \/>\n<meta name=\"twitter:card\" content=\"summary_large_image\" \/>\n<meta name=\"twitter:label1\" content=\"Dur\u00e9e de lecture estim\u00e9e\" \/>\n\t<meta name=\"twitter:data1\" content=\"1 minute\" \/>\n<script type=\"application\/ld+json\" class=\"yoast-schema-graph\">{\"@context\":\"https:\\\/\\\/schema.org\",\"@graph\":[{\"@type\":\"WebPage\",\"@id\":\"http:\\\/\\\/seghier.com\\\/about-us\\\/\",\"url\":\"http:\\\/\\\/seghier.com\\\/about-us\\\/\",\"name\":\"About Us - Seghier\",\"isPartOf\":{\"@id\":\"http:\\\/\\\/seghier.com\\\/#website\"},\"datePublished\":\"2024-01-11T07:54:26+00:00\",\"dateModified\":\"2024-02-14T10:27:39+00:00\",\"breadcrumb\":{\"@id\":\"http:\\\/\\\/seghier.com\\\/about-us\\\/#breadcrumb\"},\"inLanguage\":\"fr-FR\",\"potentialAction\":[{\"@type\":\"ReadAction\",\"target\":[\"http:\\\/\\\/seghier.com\\\/about-us\\\/\"]}]},{\"@type\":\"BreadcrumbList\",\"@id\":\"http:\\\/\\\/seghier.com\\\/about-us\\\/#breadcrumb\",\"itemListElement\":[{\"@type\":\"ListItem\",\"position\":1,\"name\":\"Accueil\",\"item\":\"http:\\\/\\\/seghier.com\\\/\"},{\"@type\":\"ListItem\",\"position\":2,\"name\":\"About Us\"}]},{\"@type\":\"WebSite\",\"@id\":\"http:\\\/\\\/seghier.com\\\/#website\",\"url\":\"http:\\\/\\\/seghier.com\\\/\",\"name\":\"Seghier\",\"description\":\"Luxury dresses\",\"publisher\":{\"@id\":\"http:\\\/\\\/seghier.com\\\/#organization\"},\"potentialAction\":[{\"@type\":\"SearchAction\",\"target\":{\"@type\":\"EntryPoint\",\"urlTemplate\":\"http:\\\/\\\/seghier.com\\\/?s={search_term_string}\"},\"query-input\":{\"@type\":\"PropertyValueSpecification\",\"valueRequired\":true,\"valueName\":\"search_term_string\"}}],\"inLanguage\":\"fr-FR\"},{\"@type\":\"Organization\",\"@id\":\"http:\\\/\\\/seghier.com\\\/#organization\",\"name\":\"Seghier\",\"url\":\"http:\\\/\\\/seghier.com\\\/\",\"logo\":{\"@type\":\"ImageObject\",\"inLanguage\":\"fr-FR\",\"@id\":\"http:\\\/\\\/seghier.com\\\/#\\\/schema\\\/logo\\\/image\\\/\",\"url\":\"https:\\\/\\\/seghier.com\\\/wp-content\\\/uploads\\\/2024\\\/01\\\/Seghier-Logo.webp\",\"contentUrl\":\"https:\\\/\\\/seghier.com\\\/wp-content\\\/uploads\\\/2024\\\/01\\\/Seghier-Logo.webp\",\"width\":1500,\"height\":1000,\"caption\":\"Seghier\"},\"image\":{\"@id\":\"http:\\\/\\\/seghier.com\\\/#\\\/schema\\\/logo\\\/image\\\/\"}}]}<\/script>\n<!-- \/ Yoast SEO plugin. -->","yoast_head_json":{"title":"About Us - Seghier","robots":{"index":"index","follow":"follow","max-snippet":"max-snippet:-1","max-image-preview":"max-image-preview:large","max-video-preview":"max-video-preview:-1"},"canonical":"http:\/\/seghier.com\/fr\/about-us\/","og_locale":"fr_FR","og_type":"article","og_title":"About Us - Seghier","og_description":"Welcome to the world of absolute elegance ! Discover our sumptuous collection of luxury...","og_url":"http:\/\/seghier.com\/fr\/about-us\/","og_site_name":"Seghier","article_modified_time":"2024-02-14T10:27:39+00:00","twitter_card":"summary_large_image","twitter_misc":{"Dur\u00e9e de lecture estim\u00e9e":"1 minute"},"schema":{"@context":"https:\/\/schema.org","@graph":[{"@type":"WebPage","@id":"http:\/\/seghier.com\/about-us\/","url":"http:\/\/seghier.com\/about-us\/","name":"About Us - Seghier","isPartOf":{"@id":"http:\/\/seghier.com\/#website"},"datePublished":"2024-01-11T07:54:26+00:00","dateModified":"2024-02-14T10:27:39+00:00","breadcrumb":{"@id":"http:\/\/seghier.com\/about-us\/#breadcrumb"},"inLanguage":"fr-FR","potentialAction":[{"@type":"ReadAction","target":["http:\/\/seghier.com\/about-us\/"]}]},{"@type":"BreadcrumbList","@id":"http:\/\/seghier.com\/about-us\/#breadcrumb","itemListElement":[{"@type":"ListItem","position":1,"name":"Accueil","item":"http:\/\/seghier.com\/"},{"@type":"ListItem","position":2,"name":"About Us"}]},{"@type":"WebSite","@id":"http:\/\/seghier.com\/#website","url":"http:\/\/seghier.com\/","name":"Seghier","description":"Robes de luxe","publisher":{"@id":"http:\/\/seghier.com\/#organization"},"potentialAction":[{"@type":"SearchAction","target":{"@type":"EntryPoint","urlTemplate":"http:\/\/seghier.com\/?s={search_term_string}"},"query-input":{"@type":"PropertyValueSpecification","valueRequired":true,"valueName":"search_term_string"}}],"inLanguage":"fr-FR"},{"@type":"Organization","@id":"http:\/\/seghier.com\/#organization","name":"Seghier","url":"http:\/\/seghier.com\/","logo":{"@type":"ImageObject","inLanguage":"fr-FR","@id":"http:\/\/seghier.com\/#\/schema\/logo\/image\/","url":"https:\/\/seghier.com\/wp-content\/uploads\/2024\/01\/Seghier-Logo.webp","contentUrl":"https:\/\/seghier.com\/wp-content\/uploads\/2024\/01\/Seghier-Logo.webp","width":1500,"height":1000,"caption":"Seghier"},"image":{"@id":"http:\/\/seghier.com\/#\/schema\/logo\/image\/"}}]}},"_links":{"self":[{"href":"https:\/\/seghier.com\/fr\/wp-json\/wp\/v2\/pages\/2701","targetHints":{"allow":["GET"]}}],"collection":[{"href":"https:\/\/seghier.com\/fr\/wp-json\/wp\/v2\/pages"}],"about":[{"href":"https:\/\/seghier.com\/fr\/wp-json\/wp\/v2\/types\/page"}],"author":[{"embeddable":true,"href":"https:\/\/seghier.com\/fr\/wp-json\/wp\/v2\/users\/1"}],"replies":[{"embeddable":true,"href":"https:\/\/seghier.com\/fr\/wp-json\/wp\/v2\/comments?post=2701"}],"version-history":[{"count":49,"href":"https:\/\/seghier.com\/fr\/wp-json\/wp\/v2\/pages\/2701\/revisions"}],"predecessor-version":[{"id":3615,"href":"https:\/\/seghier.com\/fr\/wp-json\/wp\/v2\/pages\/2701\/revisions\/3615"}],"wp:attachment":[{"href":"https:\/\/seghier.com\/fr\/wp-json\/wp\/v2\/media?parent=2701"}],"curies":[{"name":"wp","href":"https:\/\/api.w.org\/{rel}","templated":true}]}}